{"id":971,"date":"2025-06-20T21:07:13","date_gmt":"2025-06-20T19:07:13","guid":{"rendered":"https:\/\/aucoeurdenoe.fr\/?page_id=971"},"modified":"2025-07-12T20:08:21","modified_gmt":"2025-07-12T18:08:21","slug":"mentions-legales","status":"publish","type":"page","link":"https:\/\/aucoeurdenoe.fr\/?page_id=971","title":{"rendered":"Mentions l\u00e9gales"},"content":{"rendered":"\t\t<div data-elementor-type=\"wp-page\" data-elementor-id=\"971\" class=\"elementor elementor-971\">\n\t\t\t\t<div class=\"elementor-element elementor-element-02079ba e-flex e-con-boxed e-con e-parent\" data-id=\"02079ba\" data-element_type=\"container\">\n\t\t\t\t\t<div class=\"e-con-inner\">\n\t\t\t\t<div class=\"elementor-element elementor-element-d9aa7f6 elementor-widget elementor-widget-text-editor\" data-id=\"d9aa7f6\" data-element_type=\"widget\" data-widget_type=\"text-editor.default\">\n\t\t\t\t<div class=\"elementor-widget-container\">\n\t\t\t\t\t\t\t\t\t<p>Ce site appartient \u00e0 No\u00e9mie de la Vauvre, propri\u00e9taire du domaine www.aucoeurdenoe.fr et responsable \u00e9ditoriale.<\/p><p>No\u00e9mie de la Vauvre \u2013 Au C\u0153ur de No\u00e9<br \/>283 vie du vieux Ch\u00eane 38300 Meyri\u00e9<br \/>Siret\u00a0: 80062273000029<br \/>Code APE: 9609Z<\/p><p><span class=\"Apple-converted-space\">\u00a0<\/span><a href=\"mailto:aucoeurdenoe@gmail.com\">aucoeurdenoe@gmail.com<\/a> \u2013 +33.6.69.59.22.03<\/p><p>\u00a0<\/p><p>Toute reproduction du contenu (quelle qu\u2019elle soit et m\u00eame partielle) sans autorisation pr\u00e9alable du propri\u00e9taire No\u00e9mie de la Vauvre est interdite et constituerait une contrefa\u00e7on sanctionn\u00e9e par les articles l-3352 et suivants du code de la propri\u00e9t\u00e9 intellectuelle, susceptible donc de poursuites.<\/p><p>H\u00e9bergeur site : SAS OVH \u2013 2 rue kellerman BP 80157 59053 Roubaix cedex 1- France<\/p><p>\u00a0<\/p><p>Traitement des donn\u00e9es<\/p><p>Les informations que Au Coeur de No\u00e9 serait susceptible de r\u00e9unir r\u00e9sultent de l\u2019enregistrement volontaire de coordonn\u00e9es fournies par l\u2019internaute lui permettant de recevoir une documentation, un devis ou de se renseigner. Au Coeur de No\u00e9 s\u2019engage \u00e0 ne pas transmettre ces donn\u00e9es \u00e0 des tiers.<\/p><p><br \/>Droit de modification ou suppression de donn\u00e9es personnelles<\/p><p>Conform\u00e9ment \u00e0 la loi \u00ab Informatique et Libert\u00e9s \u00bb du 6 janvier 1978, vous disposez d\u2019un droit d\u2019acc\u00e8s, d\u2019interrogation et de rectification qui vous permette, le cas \u00e9ch\u00e9ant, de faire modifier, compl\u00e9ter, mettre \u00e0 jour ou effacer les donn\u00e9es personnelles vous concernant. Vous disposez \u00e9galement d\u2019un droit d\u2019opposition au traitement de ses donn\u00e9es pour des motifs l\u00e9gitimes ainsi qu\u2019un droit d\u2019opposition \u00e0 ce que ces donn\u00e9es soient utilis\u00e9es \u00e0 des fins de prospection commerciale.<br \/>Vous pouvez, \u00e0 tout moment, demander \u00e0 exercer ce droit en nous contactant par mail \u00e0 l\u2019adresse suivante : aucoeurdenoe@gmail.com<span class=\"Apple-converted-space\">\u00a0<\/span><\/p>\t\t\t\t\t\t\t\t<\/div>\n\t\t\t\t<\/div>\n\t\t\t\t\t<\/div>\n\t\t\t\t<\/div>\n\t\t\t\t<\/div>\n\t\t","protected":false},"excerpt":{"rendered":"<p>Ce site appartient \u00e0 No\u00e9mie de la Vauvre, propri\u00e9taire du domaine www.aucoeurdenoe.fr et responsable \u00e9ditoriale. No\u00e9mie de la Vauvre \u2013 Au C\u0153ur de No\u00e9283 vie du vieux Ch\u00eane 38300 Meyri\u00e9Siret\u00a0: 80062273000029Code APE: 9609Z \u00a0aucoeurdenoe@gmail.com \u2013 +33.6.69.59.22.03 \u00a0 Toute reproduction du contenu (quelle qu\u2019elle soit et m\u00eame partielle) sans autorisation pr\u00e9alable du propri\u00e9taire No\u00e9mie de la [&hellip;]<\/p>\n","protected":false},"author":1,"featured_media":0,"parent":0,"menu_order":0,"comment_status":"closed","ping_status":"closed","template":"","meta":{"footnotes":""},"class_list":["post-971","page","type-page","status-publish","hentry"],"yoast_head":"<!-- This site is optimized with the Yoast SEO plugin v25.4 - https:\/\/yoast.com\/wordpress\/plugins\/seo\/ -->\n<title>Mentions l\u00e9gales - Au Coeur de No\u00e9<\/title>\n<meta name=\"description\" content=\"Transparence et cadre l\u00e9gal : cette page rassemble toutes les informations l\u00e9gales concernant le site, son h\u00e9bergement et utilisation.\" \/>\n<meta name=\"robots\" content=\"index, follow, max-snippet:-1, max-image-preview:large, max-video-preview:-1\" \/>\n<link rel=\"canonical\" href=\"https:\/\/aucoeurdenoe.fr\/?page_id=971\" \/>\n<meta property=\"og:locale\" content=\"fr_FR\" \/>\n<meta property=\"og:type\" content=\"article\" \/>\n<meta property=\"og:title\" content=\"Mentions l\u00e9gales - Au Coeur de No\u00e9\" \/>\n<meta property=\"og:description\" content=\"Transparence et cadre l\u00e9gal : cette page rassemble toutes les informations l\u00e9gales concernant le site, son h\u00e9bergement et utilisation.\" \/>\n<meta property=\"og:url\" content=\"https:\/\/aucoeurdenoe.fr\/?page_id=971\" \/>\n<meta property=\"og:site_name\" content=\"Au Coeur de No\u00e9\" \/>\n<meta property=\"article:modified_time\" content=\"2025-07-12T18:08:21+00:00\" \/>\n<meta name=\"twitter:card\" content=\"summary_large_image\" \/>\n<meta name=\"twitter:label1\" content=\"Dur\u00e9e de lecture estim\u00e9e\" \/>\n\t<meta name=\"twitter:data1\" content=\"2 minutes\" \/>\n<script type=\"application\/ld+json\" class=\"yoast-schema-graph\">{\"@context\":\"https:\/\/schema.org\",\"@graph\":[{\"@type\":\"WebPage\",\"@id\":\"https:\/\/aucoeurdenoe.fr\/?page_id=971\",\"url\":\"https:\/\/aucoeurdenoe.fr\/?page_id=971\",\"name\":\"Mentions l\u00e9gales - Au Coeur de No\u00e9\",\"isPartOf\":{\"@id\":\"https:\/\/aucoeurdenoe.fr\/#website\"},\"datePublished\":\"2025-06-20T19:07:13+00:00\",\"dateModified\":\"2025-07-12T18:08:21+00:00\",\"description\":\"Transparence et cadre l\u00e9gal : cette page rassemble toutes les informations l\u00e9gales concernant le site, son h\u00e9bergement et utilisation.\",\"breadcrumb\":{\"@id\":\"https:\/\/aucoeurdenoe.fr\/?page_id=971#breadcrumb\"},\"inLanguage\":\"fr-FR\",\"potentialAction\":[{\"@type\":\"ReadAction\",\"target\":[\"https:\/\/aucoeurdenoe.fr\/?page_id=971\"]}]},{\"@type\":\"BreadcrumbList\",\"@id\":\"https:\/\/aucoeurdenoe.fr\/?page_id=971#breadcrumb\",\"itemListElement\":[{\"@type\":\"ListItem\",\"position\":1,\"name\":\"Accueil\",\"item\":\"https:\/\/aucoeurdenoe.fr\/\"},{\"@type\":\"ListItem\",\"position\":2,\"name\":\"Mentions l\u00e9gales\"}]},{\"@type\":\"WebSite\",\"@id\":\"https:\/\/aucoeurdenoe.fr\/#website\",\"url\":\"https:\/\/aucoeurdenoe.fr\/\",\"name\":\"Au Coeur de No\u00e9\",\"description\":\"Venez vous ressourcer\",\"publisher\":{\"@id\":\"https:\/\/aucoeurdenoe.fr\/#organization\"},\"potentialAction\":[{\"@type\":\"SearchAction\",\"target\":{\"@type\":\"EntryPoint\",\"urlTemplate\":\"https:\/\/aucoeurdenoe.fr\/?s={search_term_string}\"},\"query-input\":{\"@type\":\"PropertyValueSpecification\",\"valueRequired\":true,\"valueName\":\"search_term_string\"}}],\"inLanguage\":\"fr-FR\"},{\"@type\":\"Organization\",\"@id\":\"https:\/\/aucoeurdenoe.fr\/#organization\",\"name\":\"Au Coeur de No\u00e9\",\"url\":\"https:\/\/aucoeurdenoe.fr\/\",\"logo\":{\"@type\":\"ImageObject\",\"inLanguage\":\"fr-FR\",\"@id\":\"https:\/\/aucoeurdenoe.fr\/#\/schema\/logo\/image\/\",\"url\":\"https:\/\/aucoeurdenoe.fr\/wp-content\/uploads\/2025\/07\/cropped-LOGO-TYPO-WEB.png\",\"contentUrl\":\"https:\/\/aucoeurdenoe.fr\/wp-content\/uploads\/2025\/07\/cropped-LOGO-TYPO-WEB.png\",\"width\":350,\"height\":100,\"caption\":\"Au Coeur de No\u00e9\"},\"image\":{\"@id\":\"https:\/\/aucoeurdenoe.fr\/#\/schema\/logo\/image\/\"}}]}<\/script>\n<!-- \/ Yoast SEO plugin. -->","yoast_head_json":{"title":"Mentions l\u00e9gales - Au Coeur de No\u00e9","description":"Transparence et cadre l\u00e9gal : cette page rassemble toutes les informations l\u00e9gales concernant le site, son h\u00e9bergement et utilisation.","robots":{"index":"index","follow":"follow","max-snippet":"max-snippet:-1","max-image-preview":"max-image-preview:large","max-video-preview":"max-video-preview:-1"},"canonical":"https:\/\/aucoeurdenoe.fr\/?page_id=971","og_locale":"fr_FR","og_type":"article","og_title":"Mentions l\u00e9gales - Au Coeur de No\u00e9","og_description":"Transparence et cadre l\u00e9gal : cette page rassemble toutes les informations l\u00e9gales concernant le site, son h\u00e9bergement et utilisation.","og_url":"https:\/\/aucoeurdenoe.fr\/?page_id=971","og_site_name":"Au Coeur de No\u00e9","article_modified_time":"2025-07-12T18:08:21+00:00","twitter_card":"summary_large_image","twitter_misc":{"Dur\u00e9e de lecture estim\u00e9e":"2 minutes"},"schema":{"@context":"https:\/\/schema.org","@graph":[{"@type":"WebPage","@id":"https:\/\/aucoeurdenoe.fr\/?page_id=971","url":"https:\/\/aucoeurdenoe.fr\/?page_id=971","name":"Mentions l\u00e9gales - Au Coeur de No\u00e9","isPartOf":{"@id":"https:\/\/aucoeurdenoe.fr\/#website"},"datePublished":"2025-06-20T19:07:13+00:00","dateModified":"2025-07-12T18:08:21+00:00","description":"Transparence et cadre l\u00e9gal : cette page rassemble toutes les informations l\u00e9gales concernant le site, son h\u00e9bergement et utilisation.","breadcrumb":{"@id":"https:\/\/aucoeurdenoe.fr\/?page_id=971#breadcrumb"},"inLanguage":"fr-FR","potentialAction":[{"@type":"ReadAction","target":["https:\/\/aucoeurdenoe.fr\/?page_id=971"]}]},{"@type":"BreadcrumbList","@id":"https:\/\/aucoeurdenoe.fr\/?page_id=971#breadcrumb","itemListElement":[{"@type":"ListItem","position":1,"name":"Accueil","item":"https:\/\/aucoeurdenoe.fr\/"},{"@type":"ListItem","position":2,"name":"Mentions l\u00e9gales"}]},{"@type":"WebSite","@id":"https:\/\/aucoeurdenoe.fr\/#website","url":"https:\/\/aucoeurdenoe.fr\/","name":"Au Coeur de No\u00e9","description":"Venez vous ressourcer","publisher":{"@id":"https:\/\/aucoeurdenoe.fr\/#organization"},"potentialAction":[{"@type":"SearchAction","target":{"@type":"EntryPoint","urlTemplate":"https:\/\/aucoeurdenoe.fr\/?s={search_term_string}"},"query-input":{"@type":"PropertyValueSpecification","valueRequired":true,"valueName":"search_term_string"}}],"inLanguage":"fr-FR"},{"@type":"Organization","@id":"https:\/\/aucoeurdenoe.fr\/#organization","name":"Au Coeur de No\u00e9","url":"https:\/\/aucoeurdenoe.fr\/","logo":{"@type":"ImageObject","inLanguage":"fr-FR","@id":"https:\/\/aucoeurdenoe.fr\/#\/schema\/logo\/image\/","url":"https:\/\/aucoeurdenoe.fr\/wp-content\/uploads\/2025\/07\/cropped-LOGO-TYPO-WEB.png","contentUrl":"https:\/\/aucoeurdenoe.fr\/wp-content\/uploads\/2025\/07\/cropped-LOGO-TYPO-WEB.png","width":350,"height":100,"caption":"Au Coeur de No\u00e9"},"image":{"@id":"https:\/\/aucoeurdenoe.fr\/#\/schema\/logo\/image\/"}}]}},"_links":{"self":[{"href":"https:\/\/aucoeurdenoe.fr\/index.php?rest_route=\/wp\/v2\/pages\/971","targetHints":{"allow":["GET"]}}],"collection":[{"href":"https:\/\/aucoeurdenoe.fr\/index.php?rest_route=\/wp\/v2\/pages"}],"about":[{"href":"https:\/\/aucoeurdenoe.fr\/index.php?rest_route=\/wp\/v2\/types\/page"}],"author":[{"embeddable":true,"href":"https:\/\/aucoeurdenoe.fr\/index.php?rest_route=\/wp\/v2\/users\/1"}],"replies":[{"embeddable":true,"href":"https:\/\/aucoeurdenoe.fr\/index.php?rest_route=%2Fwp%2Fv2%2Fcomments&post=971"}],"version-history":[{"count":4,"href":"https:\/\/aucoeurdenoe.fr\/index.php?rest_route=\/wp\/v2\/pages\/971\/revisions"}],"predecessor-version":[{"id":975,"href":"https:\/\/aucoeurdenoe.fr\/index.php?rest_route=\/wp\/v2\/pages\/971\/revisions\/975"}],"wp:attachment":[{"href":"https:\/\/aucoeurdenoe.fr\/index.php?rest_route=%2Fwp%2Fv2%2Fmedia&parent=971"}],"curies":[{"name":"wp","href":"https:\/\/api.w.org\/{rel}","templated":true}]}}