{"id":444,"date":"2025-05-26T16:05:30","date_gmt":"2025-05-26T14:05:30","guid":{"rendered":"https:\/\/aucoeurdenoe.fr\/?page_id=444"},"modified":"2025-10-13T14:48:36","modified_gmt":"2025-10-13T12:48:36","slug":"contact","status":"publish","type":"page","link":"https:\/\/aucoeurdenoe.fr\/?page_id=444","title":{"rendered":"Contact"},"content":{"rendered":"\t\t<div data-elementor-type=\"wp-page\" data-elementor-id=\"444\" class=\"elementor elementor-444\">\n\t\t\t\t<div class=\"elementor-element elementor-element-9bce05a e-flex e-con-boxed e-con e-parent\" data-id=\"9bce05a\" data-element_type=\"container\">\n\t\t\t\t\t<div class=\"e-con-inner\">\n\t\t<div class=\"elementor-element elementor-element-aec6524 e-con-full e-flex e-con e-child\" data-id=\"aec6524\" data-element_type=\"container\">\n\t\t\t\t<div class=\"elementor-element elementor-element-8986cb8 elementor-widget elementor-widget-image\" data-id=\"8986cb8\" data-element_type=\"widget\" data-widget_type=\"image.default\">\n\t\t\t\t<div class=\"elementor-widget-container\">\n\t\t\t\t\t\t\t\t\t\t\t\t\t\t\t<img fetchpriority=\"high\" decoding=\"async\" width=\"681\" height=\"1024\" src=\"https:\/\/aucoeurdenoe.fr\/wp-content\/uploads\/2025\/06\/Noemie-\u00a9-Anne-Claire-Sorne-Photographe-21-681x1024.jpg\" class=\"attachment-large size-large wp-image-790\" alt=\"Noemie de la Vauvre coach certifi\u00e9e\" srcset=\"https:\/\/aucoeurdenoe.fr\/wp-content\/uploads\/2025\/06\/Noemie-\u00a9-Anne-Claire-Sorne-Photographe-21-681x1024.jpg 681w, https:\/\/aucoeurdenoe.fr\/wp-content\/uploads\/2025\/06\/Noemie-\u00a9-Anne-Claire-Sorne-Photographe-21-200x300.jpg 200w, https:\/\/aucoeurdenoe.fr\/wp-content\/uploads\/2025\/06\/Noemie-\u00a9-Anne-Claire-Sorne-Photographe-21-768x1154.jpg 768w, https:\/\/aucoeurdenoe.fr\/wp-content\/uploads\/2025\/06\/Noemie-\u00a9-Anne-Claire-Sorne-Photographe-21-1022x1536.jpg 1022w, https:\/\/aucoeurdenoe.fr\/wp-content\/uploads\/2025\/06\/Noemie-\u00a9-Anne-Claire-Sorne-Photographe-21-1363x2048.jpg 1363w, https:\/\/aucoeurdenoe.fr\/wp-content\/uploads\/2025\/06\/Noemie-\u00a9-Anne-Claire-Sorne-Photographe-21-scaled.jpg 1703w\" sizes=\"(max-width: 681px) 100vw, 681px\" \/>\t\t\t\t\t\t\t\t\t\t\t\t\t\t\t<\/div>\n\t\t\t\t<\/div>\n\t\t\t\t<\/div>\n\t\t<div class=\"elementor-element elementor-element-e044098 e-con-full e-flex e-con e-child\" data-id=\"e044098\" data-element_type=\"container\">\n\t\t<div class=\"elementor-element elementor-element-63a69af e-con-full e-flex e-con e-child\" data-id=\"63a69af\" data-element_type=\"container\">\n\t\t\t\t<div class=\"elementor-element elementor-element-82ee16c elementor-widget elementor-widget-text-editor\" data-id=\"82ee16c\" data-element_type=\"widget\" data-widget_type=\"text-editor.default\">\n\t\t\t\t<div class=\"elementor-widget-container\">\n\t\t\t\t\t\t\t\t\t<p><strong>\u00a0<\/strong><\/p><p><strong>\u00a0<\/strong><\/p><p><strong>\u00a0<\/strong><\/p><p><strong>\u00a0<\/strong><\/p><p><strong>\u00a0<\/strong><\/p><p><strong>\u00a0<\/strong><\/p><p><strong>\u00a0<\/strong><\/p><h4><strong>No\u00e9mie de la Vauvre<\/strong><\/h4><p>Bas\u00e9e en Is\u00e8re<\/p><p><span style=\"text-decoration: underline;\"><strong>06.69.59.22.03<\/strong><\/span><\/p>\t\t\t\t\t\t\t\t<\/div>\n\t\t\t\t<\/div>\n\t\t\t\t<\/div>\n\t\t<div class=\"elementor-element elementor-element-d317753 e-con-full e-flex e-con e-child\" data-id=\"d317753\" data-element_type=\"container\">\n\t\t\t\t<div class=\"elementor-element elementor-element-f6caee2 elementor-widget elementor-widget-text-editor\" data-id=\"f6caee2\" data-element_type=\"widget\" data-widget_type=\"text-editor.default\">\n\t\t\t\t<div class=\"elementor-widget-container\">\n\t\t\t\t\t\t\t\t\t<p><strong>E-mail : <span style=\"text-decoration: underline;\">aucoeurdenoe@gmail.com<\/span><\/strong><\/p>\t\t\t\t\t\t\t\t<\/div>\n\t\t\t\t<\/div>\n\t\t\t\t<\/div>\n\t\t\t\t<\/div>\n\t\t\t\t\t<\/div>\n\t\t\t\t<\/div>\n\t\t<div class=\"elementor-element elementor-element-90683ad e-flex e-con-boxed e-con e-parent\" data-id=\"90683ad\" data-element_type=\"container\">\n\t\t\t\t\t<div class=\"e-con-inner\">\n\t\t\t\t<div class=\"elementor-element elementor-element-3453ac4 elementor-widget elementor-widget-text-editor\" data-id=\"3453ac4\" data-element_type=\"widget\" data-widget_type=\"text-editor.default\">\n\t\t\t\t<div class=\"elementor-widget-container\">\n\t\t\t\t\t\t\t\t\t<p>Suivez-moi sur les r\u00e9seaux sociaux<\/p>\t\t\t\t\t\t\t\t<\/div>\n\t\t\t\t<\/div>\n\t\t\t\t\t<\/div>\n\t\t\t\t<\/div>\n\t\t<div class=\"elementor-element elementor-element-409644a e-flex e-con-boxed e-con e-parent\" data-id=\"409644a\" data-element_type=\"container\">\n\t\t\t\t\t<div class=\"e-con-inner\">\n\t\t\t\t<div class=\"elementor-element elementor-element-fd17e0c elementor-shape-circle elementor-grid-0 e-grid-align-center elementor-widget elementor-widget-social-icons\" data-id=\"fd17e0c\" data-element_type=\"widget\" data-widget_type=\"social-icons.default\">\n\t\t\t\t<div class=\"elementor-widget-container\">\n\t\t\t\t\t\t\t<div class=\"elementor-social-icons-wrapper elementor-grid\">\n\t\t\t\t\t\t\t<span class=\"elementor-grid-item\">\n\t\t\t\t\t<a class=\"elementor-icon elementor-social-icon elementor-social-icon-facebook elementor-repeater-item-175ab33\" href=\"https:\/\/www.facebook.com\/n.delavauvre\" target=\"_blank\">\n\t\t\t\t\t\t<span class=\"elementor-screen-only\">Facebook<\/span>\n\t\t\t\t\t\t<svg class=\"e-font-icon-svg e-fab-facebook\" viewBox=\"0 0 512 512\" xmlns=\"http:\/\/www.w3.org\/2000\/svg\"><path d=\"M504 256C504 119 393 8 256 8S8 119 8 256c0 123.78 90.69 226.38 209.25 245V327.69h-63V256h63v-54.64c0-62.15 37-96.48 93.67-96.48 27.14 0 55.52 4.84 55.52 4.84v61h-31.28c-30.8 0-40.41 19.12-40.41 38.73V256h68.78l-11 71.69h-57.78V501C413.31 482.38 504 379.78 504 256z\"><\/path><\/svg>\t\t\t\t\t<\/a>\n\t\t\t\t<\/span>\n\t\t\t\t\t\t\t<span class=\"elementor-grid-item\">\n\t\t\t\t\t<a class=\"elementor-icon elementor-social-icon elementor-social-icon-instagram elementor-repeater-item-ad67207\" href=\"https:\/\/www.instagram.com\/aucoeurdenoe\/\" target=\"_blank\">\n\t\t\t\t\t\t<span class=\"elementor-screen-only\">Instagram<\/span>\n\t\t\t\t\t\t<svg class=\"e-font-icon-svg e-fab-instagram\" viewBox=\"0 0 448 512\" xmlns=\"http:\/\/www.w3.org\/2000\/svg\"><path d=\"M224.1 141c-63.6 0-114.9 51.3-114.9 114.9s51.3 114.9 114.9 114.9S339 319.5 339 255.9 287.7 141 224.1 141zm0 189.6c-41.1 0-74.7-33.5-74.7-74.7s33.5-74.7 74.7-74.7 74.7 33.5 74.7 74.7-33.6 74.7-74.7 74.7zm146.4-194.3c0 14.9-12 26.8-26.8 26.8-14.9 0-26.8-12-26.8-26.8s12-26.8 26.8-26.8 26.8 12 26.8 26.8zm76.1 27.2c-1.7-35.9-9.9-67.7-36.2-93.9-26.2-26.2-58-34.4-93.9-36.2-37-2.1-147.9-2.1-184.9 0-35.8 1.7-67.6 9.9-93.9 36.1s-34.4 58-36.2 93.9c-2.1 37-2.1 147.9 0 184.9 1.7 35.9 9.9 67.7 36.2 93.9s58 34.4 93.9 36.2c37 2.1 147.9 2.1 184.9 0 35.9-1.7 67.7-9.9 93.9-36.2 26.2-26.2 34.4-58 36.2-93.9 2.1-37 2.1-147.8 0-184.8zM398.8 388c-7.8 19.6-22.9 34.7-42.6 42.6-29.5 11.7-99.5 9-132.1 9s-102.7 2.6-132.1-9c-19.6-7.8-34.7-22.9-42.6-42.6-11.7-29.5-9-99.5-9-132.1s-2.6-102.7 9-132.1c7.8-19.6 22.9-34.7 42.6-42.6 29.5-11.7 99.5-9 132.1-9s102.7-2.6 132.1 9c19.6 7.8 34.7 22.9 42.6 42.6 11.7 29.5 9 99.5 9 132.1s2.7 102.7-9 132.1z\"><\/path><\/svg>\t\t\t\t\t<\/a>\n\t\t\t\t<\/span>\n\t\t\t\t\t\t\t<span class=\"elementor-grid-item\">\n\t\t\t\t\t<a class=\"elementor-icon elementor-social-icon elementor-social-icon-linkedin elementor-repeater-item-78be4e1\" href=\"https:\/\/www.linkedin.com\/in\/no\u00e9mie-de-la-vauvre-au-coeur-de-no\u00e9-bb9aa419\/\" target=\"_blank\">\n\t\t\t\t\t\t<span class=\"elementor-screen-only\">Linkedin<\/span>\n\t\t\t\t\t\t<svg class=\"e-font-icon-svg e-fab-linkedin\" viewBox=\"0 0 448 512\" xmlns=\"http:\/\/www.w3.org\/2000\/svg\"><path d=\"M416 32H31.9C14.3 32 0 46.5 0 64.3v383.4C0 465.5 14.3 480 31.9 480H416c17.6 0 32-14.5 32-32.3V64.3c0-17.8-14.4-32.3-32-32.3zM135.4 416H69V202.2h66.5V416zm-33.2-243c-21.3 0-38.5-17.3-38.5-38.5S80.9 96 102.2 96c21.2 0 38.5 17.3 38.5 38.5 0 21.3-17.2 38.5-38.5 38.5zm282.1 243h-66.4V312c0-24.8-.5-56.7-34.5-56.7-34.6 0-39.9 27-39.9 54.9V416h-66.4V202.2h63.7v29.2h.9c8.9-16.8 30.6-34.5 62.9-34.5 67.2 0 79.7 44.3 79.7 101.9V416z\"><\/path><\/svg>\t\t\t\t\t<\/a>\n\t\t\t\t<\/span>\n\t\t\t\t\t<\/div>\n\t\t\t\t\t\t<\/div>\n\t\t\t\t<\/div>\n\t\t\t\t\t<\/div>\n\t\t\t\t<\/div>\n\t\t\t\t<\/div>\n\t\t","protected":false},"excerpt":{"rendered":"<p>\u00a0 \u00a0 \u00a0 \u00a0 \u00a0 \u00a0 \u00a0 No\u00e9mie de la Vauvre Bas\u00e9e en Is\u00e8re 06.69.59.22.03 E-mail : aucoeurdenoe@gmail.com Suivez-moi sur les r\u00e9seaux sociaux Facebook Instagram Linkedin<\/p>\n","protected":false},"author":1,"featured_media":0,"parent":0,"menu_order":0,"comment_status":"closed","ping_status":"closed","template":"","meta":{"footnotes":""},"class_list":["post-444","page","type-page","status-publish","hentry"],"yoast_head":"<!-- This site is optimized with the Yoast SEO plugin v25.4 - https:\/\/yoast.com\/wordpress\/plugins\/seo\/ -->\n<title>Contact - Au Coeur de No\u00e9<\/title>\n<meta name=\"description\" content=\"Un pas apr\u00e8s l&#039;autre... Et si cela commen\u00e7ait par un message ? Je suis \u00e0 votre \u00e9coute pour toutes vos questions.\" \/>\n<meta name=\"robots\" content=\"index, follow, max-snippet:-1, max-image-preview:large, max-video-preview:-1\" \/>\n<link rel=\"canonical\" href=\"https:\/\/aucoeurdenoe.fr\/?page_id=444\" \/>\n<meta property=\"og:locale\" content=\"fr_FR\" \/>\n<meta property=\"og:type\" content=\"article\" \/>\n<meta property=\"og:title\" content=\"Contact - Au Coeur de No\u00e9\" \/>\n<meta property=\"og:description\" content=\"Un pas apr\u00e8s l&#039;autre... Et si cela commen\u00e7ait par un message ? Je suis \u00e0 votre \u00e9coute pour toutes vos questions.\" \/>\n<meta property=\"og:url\" content=\"https:\/\/aucoeurdenoe.fr\/?page_id=444\" \/>\n<meta property=\"og:site_name\" content=\"Au Coeur de No\u00e9\" \/>\n<meta property=\"article:modified_time\" content=\"2025-10-13T12:48:36+00:00\" \/>\n<meta name=\"twitter:card\" content=\"summary_large_image\" \/>\n<meta name=\"twitter:label1\" content=\"Dur\u00e9e de lecture estim\u00e9e\" \/>\n\t<meta name=\"twitter:data1\" content=\"1 minute\" \/>\n<script type=\"application\/ld+json\" class=\"yoast-schema-graph\">{\"@context\":\"https:\/\/schema.org\",\"@graph\":[{\"@type\":\"WebPage\",\"@id\":\"https:\/\/aucoeurdenoe.fr\/?page_id=444\",\"url\":\"https:\/\/aucoeurdenoe.fr\/?page_id=444\",\"name\":\"Contact - Au Coeur de No\u00e9\",\"isPartOf\":{\"@id\":\"https:\/\/aucoeurdenoe.fr\/#website\"},\"datePublished\":\"2025-05-26T14:05:30+00:00\",\"dateModified\":\"2025-10-13T12:48:36+00:00\",\"description\":\"Un pas apr\u00e8s l'autre... Et si cela commen\u00e7ait par un message ? Je suis \u00e0 votre \u00e9coute pour toutes vos questions.\",\"breadcrumb\":{\"@id\":\"https:\/\/aucoeurdenoe.fr\/?page_id=444#breadcrumb\"},\"inLanguage\":\"fr-FR\",\"potentialAction\":[{\"@type\":\"ReadAction\",\"target\":[\"https:\/\/aucoeurdenoe.fr\/?page_id=444\"]}]},{\"@type\":\"BreadcrumbList\",\"@id\":\"https:\/\/aucoeurdenoe.fr\/?page_id=444#breadcrumb\",\"itemListElement\":[{\"@type\":\"ListItem\",\"position\":1,\"name\":\"Accueil\",\"item\":\"https:\/\/aucoeurdenoe.fr\/\"},{\"@type\":\"ListItem\",\"position\":2,\"name\":\"Contact\"}]},{\"@type\":\"WebSite\",\"@id\":\"https:\/\/aucoeurdenoe.fr\/#website\",\"url\":\"https:\/\/aucoeurdenoe.fr\/\",\"name\":\"Au Coeur de No\u00e9\",\"description\":\"Venez vous ressourcer\",\"publisher\":{\"@id\":\"https:\/\/aucoeurdenoe.fr\/#organization\"},\"potentialAction\":[{\"@type\":\"SearchAction\",\"target\":{\"@type\":\"EntryPoint\",\"urlTemplate\":\"https:\/\/aucoeurdenoe.fr\/?s={search_term_string}\"},\"query-input\":{\"@type\":\"PropertyValueSpecification\",\"valueRequired\":true,\"valueName\":\"search_term_string\"}}],\"inLanguage\":\"fr-FR\"},{\"@type\":\"Organization\",\"@id\":\"https:\/\/aucoeurdenoe.fr\/#organization\",\"name\":\"Au Coeur de No\u00e9\",\"url\":\"https:\/\/aucoeurdenoe.fr\/\",\"logo\":{\"@type\":\"ImageObject\",\"inLanguage\":\"fr-FR\",\"@id\":\"https:\/\/aucoeurdenoe.fr\/#\/schema\/logo\/image\/\",\"url\":\"https:\/\/aucoeurdenoe.fr\/wp-content\/uploads\/2025\/07\/cropped-LOGO-TYPO-WEB.png\",\"contentUrl\":\"https:\/\/aucoeurdenoe.fr\/wp-content\/uploads\/2025\/07\/cropped-LOGO-TYPO-WEB.png\",\"width\":350,\"height\":100,\"caption\":\"Au Coeur de No\u00e9\"},\"image\":{\"@id\":\"https:\/\/aucoeurdenoe.fr\/#\/schema\/logo\/image\/\"}}]}<\/script>\n<!-- \/ Yoast SEO plugin. -->","yoast_head_json":{"title":"Contact - Au Coeur de No\u00e9","description":"Un pas apr\u00e8s l'autre... Et si cela commen\u00e7ait par un message ? Je suis \u00e0 votre \u00e9coute pour toutes vos questions.","robots":{"index":"index","follow":"follow","max-snippet":"max-snippet:-1","max-image-preview":"max-image-preview:large","max-video-preview":"max-video-preview:-1"},"canonical":"https:\/\/aucoeurdenoe.fr\/?page_id=444","og_locale":"fr_FR","og_type":"article","og_title":"Contact - Au Coeur de No\u00e9","og_description":"Un pas apr\u00e8s l'autre... Et si cela commen\u00e7ait par un message ? Je suis \u00e0 votre \u00e9coute pour toutes vos questions.","og_url":"https:\/\/aucoeurdenoe.fr\/?page_id=444","og_site_name":"Au Coeur de No\u00e9","article_modified_time":"2025-10-13T12:48:36+00:00","twitter_card":"summary_large_image","twitter_misc":{"Dur\u00e9e de lecture estim\u00e9e":"1 minute"},"schema":{"@context":"https:\/\/schema.org","@graph":[{"@type":"WebPage","@id":"https:\/\/aucoeurdenoe.fr\/?page_id=444","url":"https:\/\/aucoeurdenoe.fr\/?page_id=444","name":"Contact - Au Coeur de No\u00e9","isPartOf":{"@id":"https:\/\/aucoeurdenoe.fr\/#website"},"datePublished":"2025-05-26T14:05:30+00:00","dateModified":"2025-10-13T12:48:36+00:00","description":"Un pas apr\u00e8s l'autre... Et si cela commen\u00e7ait par un message ? Je suis \u00e0 votre \u00e9coute pour toutes vos questions.","breadcrumb":{"@id":"https:\/\/aucoeurdenoe.fr\/?page_id=444#breadcrumb"},"inLanguage":"fr-FR","potentialAction":[{"@type":"ReadAction","target":["https:\/\/aucoeurdenoe.fr\/?page_id=444"]}]},{"@type":"BreadcrumbList","@id":"https:\/\/aucoeurdenoe.fr\/?page_id=444#breadcrumb","itemListElement":[{"@type":"ListItem","position":1,"name":"Accueil","item":"https:\/\/aucoeurdenoe.fr\/"},{"@type":"ListItem","position":2,"name":"Contact"}]},{"@type":"WebSite","@id":"https:\/\/aucoeurdenoe.fr\/#website","url":"https:\/\/aucoeurdenoe.fr\/","name":"Au Coeur de No\u00e9","description":"Venez vous ressourcer","publisher":{"@id":"https:\/\/aucoeurdenoe.fr\/#organization"},"potentialAction":[{"@type":"SearchAction","target":{"@type":"EntryPoint","urlTemplate":"https:\/\/aucoeurdenoe.fr\/?s={search_term_string}"},"query-input":{"@type":"PropertyValueSpecification","valueRequired":true,"valueName":"search_term_string"}}],"inLanguage":"fr-FR"},{"@type":"Organization","@id":"https:\/\/aucoeurdenoe.fr\/#organization","name":"Au Coeur de No\u00e9","url":"https:\/\/aucoeurdenoe.fr\/","logo":{"@type":"ImageObject","inLanguage":"fr-FR","@id":"https:\/\/aucoeurdenoe.fr\/#\/schema\/logo\/image\/","url":"https:\/\/aucoeurdenoe.fr\/wp-content\/uploads\/2025\/07\/cropped-LOGO-TYPO-WEB.png","contentUrl":"https:\/\/aucoeurdenoe.fr\/wp-content\/uploads\/2025\/07\/cropped-LOGO-TYPO-WEB.png","width":350,"height":100,"caption":"Au Coeur de No\u00e9"},"image":{"@id":"https:\/\/aucoeurdenoe.fr\/#\/schema\/logo\/image\/"}}]}},"_links":{"self":[{"href":"https:\/\/aucoeurdenoe.fr\/index.php?rest_route=\/wp\/v2\/pages\/444","targetHints":{"allow":["GET"]}}],"collection":[{"href":"https:\/\/aucoeurdenoe.fr\/index.php?rest_route=\/wp\/v2\/pages"}],"about":[{"href":"https:\/\/aucoeurdenoe.fr\/index.php?rest_route=\/wp\/v2\/types\/page"}],"author":[{"embeddable":true,"href":"https:\/\/aucoeurdenoe.fr\/index.php?rest_route=\/wp\/v2\/users\/1"}],"replies":[{"embeddable":true,"href":"https:\/\/aucoeurdenoe.fr\/index.php?rest_route=%2Fwp%2Fv2%2Fcomments&post=444"}],"version-history":[{"count":41,"href":"https:\/\/aucoeurdenoe.fr\/index.php?rest_route=\/wp\/v2\/pages\/444\/revisions"}],"predecessor-version":[{"id":1045,"href":"https:\/\/aucoeurdenoe.fr\/index.php?rest_route=\/wp\/v2\/pages\/444\/revisions\/1045"}],"wp:attachment":[{"href":"https:\/\/aucoeurdenoe.fr\/index.php?rest_route=%2Fwp%2Fv2%2Fmedia&parent=444"}],"curies":[{"name":"wp","href":"https:\/\/api.w.org\/{rel}","templated":true}]}}