{"id":15,"date":"2025-04-12T09:31:38","date_gmt":"2025-04-12T07:31:38","guid":{"rendered":"https:\/\/aucoeurdenoe.fr\/?page_id=15"},"modified":"2026-01-13T19:12:49","modified_gmt":"2026-01-13T18:12:49","slug":"ateliers","status":"publish","type":"page","link":"https:\/\/aucoeurdenoe.fr\/?page_id=15","title":{"rendered":"Ateliers"},"content":{"rendered":"\t\t<div data-elementor-type=\"wp-page\" data-elementor-id=\"15\" class=\"elementor elementor-15\">\n\t\t\t\t<div class=\"elementor-element elementor-element-a6dec62 e-flex e-con-boxed e-con e-parent\" data-id=\"a6dec62\" data-element_type=\"container\">\n\t\t\t\t\t<div class=\"e-con-inner\">\n\t\t\t\t<div class=\"elementor-element elementor-element-162b912 elementor-widget elementor-widget-image\" data-id=\"162b912\" data-element_type=\"widget\" data-widget_type=\"image.default\">\n\t\t\t\t<div class=\"elementor-widget-container\">\n\t\t\t\t\t\t\t\t\t\t\t\t\t\t\t<img fetchpriority=\"high\" decoding=\"async\" width=\"2560\" height=\"1709\" src=\"https:\/\/aucoeurdenoe.fr\/wp-content\/uploads\/2025\/05\/Noemie-portrait-pro-12-1-scaled.jpg\" class=\"attachment-full size-full wp-image-429\" alt=\"ateliers collectifs cr\u00e9atifs\" srcset=\"https:\/\/aucoeurdenoe.fr\/wp-content\/uploads\/2025\/05\/Noemie-portrait-pro-12-1-scaled.jpg 2560w, https:\/\/aucoeurdenoe.fr\/wp-content\/uploads\/2025\/05\/Noemie-portrait-pro-12-1-300x200.jpg 300w, https:\/\/aucoeurdenoe.fr\/wp-content\/uploads\/2025\/05\/Noemie-portrait-pro-12-1-1024x684.jpg 1024w, https:\/\/aucoeurdenoe.fr\/wp-content\/uploads\/2025\/05\/Noemie-portrait-pro-12-1-768x513.jpg 768w, https:\/\/aucoeurdenoe.fr\/wp-content\/uploads\/2025\/05\/Noemie-portrait-pro-12-1-1536x1025.jpg 1536w, https:\/\/aucoeurdenoe.fr\/wp-content\/uploads\/2025\/05\/Noemie-portrait-pro-12-1-2048x1367.jpg 2048w\" sizes=\"(max-width: 2560px) 100vw, 2560px\" \/>\t\t\t\t\t\t\t\t\t\t\t\t\t\t\t<\/div>\n\t\t\t\t<\/div>\n\t\t\t\t\t<\/div>\n\t\t\t\t<\/div>\n\t\t<div class=\"elementor-element elementor-element-847257c e-flex e-con-boxed e-con e-parent\" data-id=\"847257c\" data-element_type=\"container\">\n\t\t\t\t\t<div class=\"e-con-inner\">\n\t\t\t\t<div class=\"elementor-element elementor-element-4e1c31a elementor-widget elementor-widget-spacer\" data-id=\"4e1c31a\" data-element_type=\"widget\" data-widget_type=\"spacer.default\">\n\t\t\t\t<div class=\"elementor-widget-container\">\n\t\t\t\t\t\t\t<div class=\"elementor-spacer\">\n\t\t\t<div class=\"elementor-spacer-inner\"><\/div>\n\t\t<\/div>\n\t\t\t\t\t\t<\/div>\n\t\t\t\t<\/div>\n\t\t\t\t<div class=\"elementor-element elementor-element-13f6d94 elementor-widget elementor-widget-text-editor\" data-id=\"13f6d94\" data-element_type=\"widget\" data-widget_type=\"text-editor.default\">\n\t\t\t\t<div class=\"elementor-widget-container\">\n\t\t\t\t\t\t\t\t\t<p>\u00a0<\/p><p><b>Vous voulez vous d\u00e9couvrir un peu plus ?<\/b><\/p><p><b>Vous voulez rependre confiance en vous et augmenter votre estime personnelle ?<\/b><\/p><p><b>Vous avez envie d\u2019un moment de partage convivial et cr\u00e9atif ?<\/b><\/p><p>\u00a0<\/p>\t\t\t\t\t\t\t\t<\/div>\n\t\t\t\t<\/div>\n\t\t\t\t<div class=\"elementor-element elementor-element-30f9d4f elementor-widget elementor-widget-spacer\" data-id=\"30f9d4f\" data-element_type=\"widget\" data-widget_type=\"spacer.default\">\n\t\t\t\t<div class=\"elementor-widget-container\">\n\t\t\t\t\t\t\t<div class=\"elementor-spacer\">\n\t\t\t<div class=\"elementor-spacer-inner\"><\/div>\n\t\t<\/div>\n\t\t\t\t\t\t<\/div>\n\t\t\t\t<\/div>\n\t\t\t\t\t<\/div>\n\t\t\t\t<\/div>\n\t\t<div class=\"elementor-element elementor-element-33f7d50 e-grid e-con-boxed e-con e-parent\" data-id=\"33f7d50\" data-element_type=\"container\">\n\t\t\t\t\t<div class=\"e-con-inner\">\n\t\t\t\t<div class=\"elementor-element elementor-element-97cf020 elementor-widget elementor-widget-text-editor\" data-id=\"97cf020\" data-element_type=\"widget\" data-widget_type=\"text-editor.default\">\n\t\t\t\t<div class=\"elementor-widget-container\">\n\t\t\t\t\t\t\t\t\t<p>\u00a0<\/p><p>Tout au long de l\u2019ann\u00e9e je vous propose des <strong>ateliers th\u00e9matiques<\/strong> <strong>et<\/strong> <strong>cr\u00e9atifs<\/strong> dans mon atelier nich\u00e9 au c\u0153ur d\u2019un parc de verdure.\u00a0<\/p><p>Se ressourcer, <strong>prendre un moment pour soi<\/strong>, se d\u00e9couvrir un peu plus et vivre un moment de <strong>partage<\/strong>, de convivialit\u00e9 et de cr\u00e9ativit\u00e9 avec d\u2019autres femmes\u2026c\u2019est un privil\u00e8ge agr\u00e9able \u00e0 s\u2019accorder de temps en temps.\u00a0<\/p><p><b>Format\u00a0:<\/b><\/p><ul><li>Atelier de 2 \u00e0 6 personnes assur\u00e9 d\u00e8s 2 participantes<\/li><li>Atelier 2h\u00a0: 35\u20ac\/personne<\/li><li>Atelier 3h\u00a0: 45\u20ac\/personne<\/li><li>Mat\u00e9riel fourni<\/li><li>Une collation offerte<\/li><\/ul>\t\t\t\t\t\t\t\t<\/div>\n\t\t\t\t<\/div>\n\t\t\t\t<div class=\"elementor-element elementor-element-b07d65d elementor-widget elementor-widget-image\" data-id=\"b07d65d\" data-element_type=\"widget\" data-widget_type=\"image.default\">\n\t\t\t\t<div class=\"elementor-widget-container\">\n\t\t\t\t\t\t\t\t\t\t\t\t\t\t\t<img decoding=\"async\" width=\"800\" height=\"534\" src=\"https:\/\/aucoeurdenoe.fr\/wp-content\/uploads\/2025\/05\/Noemie-portrait-pro-bis-4-1-1024x684.jpg\" class=\"attachment-large size-large wp-image-259\" alt=\"ateliers femmes Is\u00e8re\" srcset=\"https:\/\/aucoeurdenoe.fr\/wp-content\/uploads\/2025\/05\/Noemie-portrait-pro-bis-4-1-1024x684.jpg 1024w, https:\/\/aucoeurdenoe.fr\/wp-content\/uploads\/2025\/05\/Noemie-portrait-pro-bis-4-1-300x200.jpg 300w, https:\/\/aucoeurdenoe.fr\/wp-content\/uploads\/2025\/05\/Noemie-portrait-pro-bis-4-1-768x513.jpg 768w, https:\/\/aucoeurdenoe.fr\/wp-content\/uploads\/2025\/05\/Noemie-portrait-pro-bis-4-1-1536x1025.jpg 1536w, https:\/\/aucoeurdenoe.fr\/wp-content\/uploads\/2025\/05\/Noemie-portrait-pro-bis-4-1-2048x1367.jpg 2048w\" sizes=\"(max-width: 800px) 100vw, 800px\" \/>\t\t\t\t\t\t\t\t\t\t\t\t\t\t\t<\/div>\n\t\t\t\t<\/div>\n\t\t\t\t<div class=\"elementor-element elementor-element-9e3f2d3 elementor-widget elementor-widget-image\" data-id=\"9e3f2d3\" data-element_type=\"widget\" data-widget_type=\"image.default\">\n\t\t\t\t<div class=\"elementor-widget-container\">\n\t\t\t\t\t\t\t\t\t\t\t\t\t\t\t<img decoding=\"async\" width=\"800\" height=\"600\" src=\"https:\/\/aucoeurdenoe.fr\/wp-content\/uploads\/2025\/05\/IMG_6737-1024x768.jpg\" class=\"attachment-large size-large wp-image-431\" alt=\"ateliers collectifs Is\u00e8re\" srcset=\"https:\/\/aucoeurdenoe.fr\/wp-content\/uploads\/2025\/05\/IMG_6737-1024x768.jpg 1024w, https:\/\/aucoeurdenoe.fr\/wp-content\/uploads\/2025\/05\/IMG_6737-300x225.jpg 300w, https:\/\/aucoeurdenoe.fr\/wp-content\/uploads\/2025\/05\/IMG_6737-768x576.jpg 768w, https:\/\/aucoeurdenoe.fr\/wp-content\/uploads\/2025\/05\/IMG_6737-1536x1152.jpg 1536w, https:\/\/aucoeurdenoe.fr\/wp-content\/uploads\/2025\/05\/IMG_6737-2048x1536.jpg 2048w\" sizes=\"(max-width: 800px) 100vw, 800px\" \/>\t\t\t\t\t\t\t\t\t\t\t\t\t\t\t<\/div>\n\t\t\t\t<\/div>\n\t\t\t\t<div class=\"elementor-element elementor-element-4346adc elementor-widget elementor-widget-text-editor\" data-id=\"4346adc\" data-element_type=\"widget\" data-widget_type=\"text-editor.default\">\n\t\t\t\t<div class=\"elementor-widget-container\">\n\t\t\t\t\t\t\t\t\t<p>\u00a0<\/p><p>\u00a0<\/p><p>Voici <strong>quelques exemples<\/strong> d\u2019ateliers :<\/p><ul><li>Augmentez votre estime personnelle par le dessin<\/li><li>Co-cr\u00e9ativit\u00e9<\/li><li>Vision board<\/li><li>Co-developpement<\/li><li>Communication non-violente<\/li><li>Gestion du stress<\/li><li>Votre projet autrement\u2026<\/li><\/ul>\t\t\t\t\t\t\t\t<\/div>\n\t\t\t\t<\/div>\n\t\t\t\t\t<\/div>\n\t\t\t\t<\/div>\n\t\t<div class=\"elementor-element elementor-element-9b95344 e-flex e-con-boxed e-con e-parent\" data-id=\"9b95344\" data-element_type=\"container\">\n\t\t\t\t\t<div class=\"e-con-inner\">\n\t\t\t\t<div class=\"elementor-element elementor-element-974ced2 elementor-widget elementor-widget-text-editor\" data-id=\"974ced2\" data-element_type=\"widget\" data-widget_type=\"text-editor.default\">\n\t\t\t\t<div class=\"elementor-widget-container\">\n\t\t\t\t\t\t\t\t\t<p><strong>\u00a0<\/strong><\/p><p>Prochains ateliers :\u00a0<\/p><p>Le vendredi<strong> 30 janvier 2026 <\/strong>de<strong> 13h30 <\/strong><b>\u00e0<\/b> <b>15h30<\/b><\/p><p>Le samedi<strong> 31 janvier 2026 <\/strong>de<strong> 10h \u00e0 12h<\/strong><\/p><p><b>\u00ab\u00a0Faire son bilan 2025, visualiser son projet 2026 par le dessin\u00a0\u00bb<\/b><\/p><p>Ceci n&rsquo;est pas un cours de dessin et nul besoin de savoir dessiner pour y participer !\u00a0<\/p><p><b>30\u20ac <\/b>l&rsquo;atelier<\/p><p>Merci de me contacter avant le mardi 27 janvier.\u00a0<\/p><p>\u00a0<\/p>\t\t\t\t\t\t\t\t<\/div>\n\t\t\t\t<\/div>\n\t\t\t\t\t<\/div>\n\t\t\t\t<\/div>\n\t\t<div class=\"elementor-element elementor-element-7ee66b6 e-flex e-con-boxed e-con e-parent\" data-id=\"7ee66b6\" data-element_type=\"container\">\n\t\t\t\t\t<div class=\"e-con-inner\">\n\t\t\t\t<div class=\"elementor-element elementor-element-d23ed5f elementor-widget elementor-widget-image\" data-id=\"d23ed5f\" data-element_type=\"widget\" data-widget_type=\"image.default\">\n\t\t\t\t<div class=\"elementor-widget-container\">\n\t\t\t\t\t\t\t\t\t\t\t\t\t\t\t<img loading=\"lazy\" decoding=\"async\" width=\"800\" height=\"534\" src=\"https:\/\/aucoeurdenoe.fr\/wp-content\/uploads\/2025\/05\/Noemie-portrait-pro-15-1024x684.jpg\" class=\"attachment-large size-large wp-image-263\" alt=\"Atelier cr\u00e9atif Is\u00e8re\" srcset=\"https:\/\/aucoeurdenoe.fr\/wp-content\/uploads\/2025\/05\/Noemie-portrait-pro-15-1024x684.jpg 1024w, https:\/\/aucoeurdenoe.fr\/wp-content\/uploads\/2025\/05\/Noemie-portrait-pro-15-300x200.jpg 300w, https:\/\/aucoeurdenoe.fr\/wp-content\/uploads\/2025\/05\/Noemie-portrait-pro-15-768x513.jpg 768w, https:\/\/aucoeurdenoe.fr\/wp-content\/uploads\/2025\/05\/Noemie-portrait-pro-15-1536x1025.jpg 1536w, https:\/\/aucoeurdenoe.fr\/wp-content\/uploads\/2025\/05\/Noemie-portrait-pro-15-2048x1367.jpg 2048w\" sizes=\"(max-width: 800px) 100vw, 800px\" \/>\t\t\t\t\t\t\t\t\t\t\t\t\t\t\t<\/div>\n\t\t\t\t<\/div>\n\t\t\t\t\t<\/div>\n\t\t\t\t<\/div>\n\t\t<div class=\"elementor-element elementor-element-c418501 e-flex e-con-boxed e-con e-parent\" data-id=\"c418501\" data-element_type=\"container\">\n\t\t\t\t\t<div class=\"e-con-inner\">\n\t\t\t\t<div class=\"elementor-element elementor-element-bfc03b3 elementor-widget elementor-widget-text-editor\" data-id=\"bfc03b3\" data-element_type=\"widget\" data-widget_type=\"text-editor.default\">\n\t\t\t\t<div class=\"elementor-widget-container\">\n\t\t\t\t\t\t\t\t\t<p>\u00a0<\/p><p><strong>Inscriptions :\u00a0<\/strong><\/p><p>Pour vous inscrire, veuillez me contacter par mail : <strong>aucoeurdenoe@gmail.com<\/strong><\/p><p>Fin des inscriptions 72h avant l&rsquo;atelier.<\/p><p>\u00a0<\/p>\t\t\t\t\t\t\t\t<\/div>\n\t\t\t\t<\/div>\n\t\t\t\t\t<\/div>\n\t\t\t\t<\/div>\n\t\t<div class=\"elementor-element elementor-element-2a8ebe0 e-flex e-con-boxed e-con e-parent\" data-id=\"2a8ebe0\" data-element_type=\"container\">\n\t\t\t\t\t<div class=\"e-con-inner\">\n\t\t\t\t<div class=\"elementor-element elementor-element-b6bd5b4 elementor-shape-circle e-grid-align-right elementor-grid-0 elementor-widget elementor-widget-social-icons\" data-id=\"b6bd5b4\" data-element_type=\"widget\" data-widget_type=\"social-icons.default\">\n\t\t\t\t<div class=\"elementor-widget-container\">\n\t\t\t\t\t\t\t<div class=\"elementor-social-icons-wrapper elementor-grid\">\n\t\t\t\t\t\t\t<span class=\"elementor-grid-item\">\n\t\t\t\t\t<a class=\"elementor-icon elementor-social-icon elementor-social-icon-facebook elementor-repeater-item-3bedc6c\" href=\"https:\/\/www.facebook.com\/n.delavauvre\" target=\"_blank\">\n\t\t\t\t\t\t<span class=\"elementor-screen-only\">Facebook<\/span>\n\t\t\t\t\t\t<svg class=\"e-font-icon-svg e-fab-facebook\" viewBox=\"0 0 512 512\" xmlns=\"http:\/\/www.w3.org\/2000\/svg\"><path d=\"M504 256C504 119 393 8 256 8S8 119 8 256c0 123.78 90.69 226.38 209.25 245V327.69h-63V256h63v-54.64c0-62.15 37-96.48 93.67-96.48 27.14 0 55.52 4.84 55.52 4.84v61h-31.28c-30.8 0-40.41 19.12-40.41 38.73V256h68.78l-11 71.69h-57.78V501C413.31 482.38 504 379.78 504 256z\"><\/path><\/svg>\t\t\t\t\t<\/a>\n\t\t\t\t<\/span>\n\t\t\t\t\t\t\t<span class=\"elementor-grid-item\">\n\t\t\t\t\t<a class=\"elementor-icon elementor-social-icon elementor-social-icon-instagram elementor-repeater-item-fa0516e\" href=\"https:\/\/www.instagram.com\/aucoeurdenoe\/\" target=\"_blank\">\n\t\t\t\t\t\t<span class=\"elementor-screen-only\">Instagram<\/span>\n\t\t\t\t\t\t<svg class=\"e-font-icon-svg e-fab-instagram\" viewBox=\"0 0 448 512\" xmlns=\"http:\/\/www.w3.org\/2000\/svg\"><path d=\"M224.1 141c-63.6 0-114.9 51.3-114.9 114.9s51.3 114.9 114.9 114.9S339 319.5 339 255.9 287.7 141 224.1 141zm0 189.6c-41.1 0-74.7-33.5-74.7-74.7s33.5-74.7 74.7-74.7 74.7 33.5 74.7 74.7-33.6 74.7-74.7 74.7zm146.4-194.3c0 14.9-12 26.8-26.8 26.8-14.9 0-26.8-12-26.8-26.8s12-26.8 26.8-26.8 26.8 12 26.8 26.8zm76.1 27.2c-1.7-35.9-9.9-67.7-36.2-93.9-26.2-26.2-58-34.4-93.9-36.2-37-2.1-147.9-2.1-184.9 0-35.8 1.7-67.6 9.9-93.9 36.1s-34.4 58-36.2 93.9c-2.1 37-2.1 147.9 0 184.9 1.7 35.9 9.9 67.7 36.2 93.9s58 34.4 93.9 36.2c37 2.1 147.9 2.1 184.9 0 35.9-1.7 67.7-9.9 93.9-36.2 26.2-26.2 34.4-58 36.2-93.9 2.1-37 2.1-147.8 0-184.8zM398.8 388c-7.8 19.6-22.9 34.7-42.6 42.6-29.5 11.7-99.5 9-132.1 9s-102.7 2.6-132.1-9c-19.6-7.8-34.7-22.9-42.6-42.6-11.7-29.5-9-99.5-9-132.1s-2.6-102.7 9-132.1c7.8-19.6 22.9-34.7 42.6-42.6 29.5-11.7 99.5-9 132.1-9s102.7-2.6 132.1 9c19.6 7.8 34.7 22.9 42.6 42.6 11.7 29.5 9 99.5 9 132.1s2.7 102.7-9 132.1z\"><\/path><\/svg>\t\t\t\t\t<\/a>\n\t\t\t\t<\/span>\n\t\t\t\t\t\t\t<span class=\"elementor-grid-item\">\n\t\t\t\t\t<a class=\"elementor-icon elementor-social-icon elementor-social-icon-linkedin elementor-repeater-item-e9d887c\" href=\"https:\/\/www.linkedin.com\/in\/no\u00e9mie-de-la-vauvre-au-coeur-de-no\u00e9-bb9aa419\/\" target=\"_blank\">\n\t\t\t\t\t\t<span class=\"elementor-screen-only\">Linkedin<\/span>\n\t\t\t\t\t\t<svg class=\"e-font-icon-svg e-fab-linkedin\" viewBox=\"0 0 448 512\" xmlns=\"http:\/\/www.w3.org\/2000\/svg\"><path d=\"M416 32H31.9C14.3 32 0 46.5 0 64.3v383.4C0 465.5 14.3 480 31.9 480H416c17.6 0 32-14.5 32-32.3V64.3c0-17.8-14.4-32.3-32-32.3zM135.4 416H69V202.2h66.5V416zm-33.2-243c-21.3 0-38.5-17.3-38.5-38.5S80.9 96 102.2 96c21.2 0 38.5 17.3 38.5 38.5 0 21.3-17.2 38.5-38.5 38.5zm282.1 243h-66.4V312c0-24.8-.5-56.7-34.5-56.7-34.6 0-39.9 27-39.9 54.9V416h-66.4V202.2h63.7v29.2h.9c8.9-16.8 30.6-34.5 62.9-34.5 67.2 0 79.7 44.3 79.7 101.9V416z\"><\/path><\/svg>\t\t\t\t\t<\/a>\n\t\t\t\t<\/span>\n\t\t\t\t\t<\/div>\n\t\t\t\t\t\t<\/div>\n\t\t\t\t<\/div>\n\t\t\t\t\t<\/div>\n\t\t\t\t<\/div>\n\t\t\t\t<\/div>\n\t\t","protected":false},"excerpt":{"rendered":"<p>\u00a0 Vous voulez vous d\u00e9couvrir un peu plus ? Vous voulez rependre confiance en vous et augmenter votre estime personnelle ? Vous avez envie d\u2019un moment de partage convivial et cr\u00e9atif ? \u00a0 \u00a0 Tout au long de l\u2019ann\u00e9e je vous propose des ateliers th\u00e9matiques et cr\u00e9atifs dans mon atelier nich\u00e9 au c\u0153ur d\u2019un parc [&hellip;]<\/p>\n","protected":false},"author":1,"featured_media":0,"parent":0,"menu_order":0,"comment_status":"closed","ping_status":"closed","template":"","meta":{"footnotes":""},"class_list":["post-15","page","type-page","status-publish","hentry"],"yoast_head":"<!-- This site is optimized with the Yoast SEO plugin v25.4 - https:\/\/yoast.com\/wordpress\/plugins\/seo\/ -->\n<title>Ateliers - Au Coeur de No\u00e9<\/title>\n<meta name=\"description\" content=\"Participez \u00e0 des ateliers collectifs bienveillants pour partager, grandir et retrouver confiance en vous. Un espace d&#039;\u00e9coute et de soutien.\" \/>\n<meta name=\"robots\" content=\"index, follow, max-snippet:-1, max-image-preview:large, max-video-preview:-1\" \/>\n<link rel=\"canonical\" href=\"https:\/\/aucoeurdenoe.fr\/?page_id=15\" \/>\n<meta property=\"og:locale\" content=\"fr_FR\" \/>\n<meta property=\"og:type\" content=\"article\" \/>\n<meta property=\"og:title\" content=\"Ateliers - Au Coeur de No\u00e9\" \/>\n<meta property=\"og:description\" content=\"Participez \u00e0 des ateliers collectifs bienveillants pour partager, grandir et retrouver confiance en vous. Un espace d&#039;\u00e9coute et de soutien.\" \/>\n<meta property=\"og:url\" content=\"https:\/\/aucoeurdenoe.fr\/?page_id=15\" \/>\n<meta property=\"og:site_name\" content=\"Au Coeur de No\u00e9\" \/>\n<meta property=\"article:modified_time\" content=\"2026-01-13T18:12:49+00:00\" \/>\n<meta property=\"og:image\" content=\"http:\/\/aucoeurdenoe.fr\/wp-content\/uploads\/2025\/05\/Noemie-portrait-pro-12-1-scaled.jpg\" \/>\n<meta name=\"twitter:card\" content=\"summary_large_image\" \/>\n<meta name=\"twitter:label1\" content=\"Dur\u00e9e de lecture estim\u00e9e\" \/>\n\t<meta name=\"twitter:data1\" content=\"2 minutes\" \/>\n<script type=\"application\/ld+json\" class=\"yoast-schema-graph\">{\"@context\":\"https:\/\/schema.org\",\"@graph\":[{\"@type\":\"WebPage\",\"@id\":\"https:\/\/aucoeurdenoe.fr\/?page_id=15\",\"url\":\"https:\/\/aucoeurdenoe.fr\/?page_id=15\",\"name\":\"Ateliers - Au Coeur de No\u00e9\",\"isPartOf\":{\"@id\":\"https:\/\/aucoeurdenoe.fr\/#website\"},\"primaryImageOfPage\":{\"@id\":\"https:\/\/aucoeurdenoe.fr\/?page_id=15#primaryimage\"},\"image\":{\"@id\":\"https:\/\/aucoeurdenoe.fr\/?page_id=15#primaryimage\"},\"thumbnailUrl\":\"http:\/\/aucoeurdenoe.fr\/wp-content\/uploads\/2025\/05\/Noemie-portrait-pro-12-1-scaled.jpg\",\"datePublished\":\"2025-04-12T07:31:38+00:00\",\"dateModified\":\"2026-01-13T18:12:49+00:00\",\"description\":\"Participez \u00e0 des ateliers collectifs bienveillants pour partager, grandir et retrouver confiance en vous. Un espace d'\u00e9coute et de soutien.\",\"breadcrumb\":{\"@id\":\"https:\/\/aucoeurdenoe.fr\/?page_id=15#breadcrumb\"},\"inLanguage\":\"fr-FR\",\"potentialAction\":[{\"@type\":\"ReadAction\",\"target\":[\"https:\/\/aucoeurdenoe.fr\/?page_id=15\"]}]},{\"@type\":\"ImageObject\",\"inLanguage\":\"fr-FR\",\"@id\":\"https:\/\/aucoeurdenoe.fr\/?page_id=15#primaryimage\",\"url\":\"https:\/\/aucoeurdenoe.fr\/wp-content\/uploads\/2025\/05\/Noemie-portrait-pro-12-1-scaled.jpg\",\"contentUrl\":\"https:\/\/aucoeurdenoe.fr\/wp-content\/uploads\/2025\/05\/Noemie-portrait-pro-12-1-scaled.jpg\",\"width\":2560,\"height\":1709,\"caption\":\"ateliers collectifs cr\u00e9atifs\"},{\"@type\":\"BreadcrumbList\",\"@id\":\"https:\/\/aucoeurdenoe.fr\/?page_id=15#breadcrumb\",\"itemListElement\":[{\"@type\":\"ListItem\",\"position\":1,\"name\":\"Accueil\",\"item\":\"https:\/\/aucoeurdenoe.fr\/\"},{\"@type\":\"ListItem\",\"position\":2,\"name\":\"Ateliers\"}]},{\"@type\":\"WebSite\",\"@id\":\"https:\/\/aucoeurdenoe.fr\/#website\",\"url\":\"https:\/\/aucoeurdenoe.fr\/\",\"name\":\"Au Coeur de No\u00e9\",\"description\":\"Venez vous ressourcer\",\"publisher\":{\"@id\":\"https:\/\/aucoeurdenoe.fr\/#organization\"},\"potentialAction\":[{\"@type\":\"SearchAction\",\"target\":{\"@type\":\"EntryPoint\",\"urlTemplate\":\"https:\/\/aucoeurdenoe.fr\/?s={search_term_string}\"},\"query-input\":{\"@type\":\"PropertyValueSpecification\",\"valueRequired\":true,\"valueName\":\"search_term_string\"}}],\"inLanguage\":\"fr-FR\"},{\"@type\":\"Organization\",\"@id\":\"https:\/\/aucoeurdenoe.fr\/#organization\",\"name\":\"Au Coeur de No\u00e9\",\"url\":\"https:\/\/aucoeurdenoe.fr\/\",\"logo\":{\"@type\":\"ImageObject\",\"inLanguage\":\"fr-FR\",\"@id\":\"https:\/\/aucoeurdenoe.fr\/#\/schema\/logo\/image\/\",\"url\":\"https:\/\/aucoeurdenoe.fr\/wp-content\/uploads\/2025\/07\/cropped-LOGO-TYPO-WEB.png\",\"contentUrl\":\"https:\/\/aucoeurdenoe.fr\/wp-content\/uploads\/2025\/07\/cropped-LOGO-TYPO-WEB.png\",\"width\":350,\"height\":100,\"caption\":\"Au Coeur de No\u00e9\"},\"image\":{\"@id\":\"https:\/\/aucoeurdenoe.fr\/#\/schema\/logo\/image\/\"}}]}<\/script>\n<!-- \/ Yoast SEO plugin. -->","yoast_head_json":{"title":"Ateliers - Au Coeur de No\u00e9","description":"Participez \u00e0 des ateliers collectifs bienveillants pour partager, grandir et retrouver confiance en vous. Un espace d'\u00e9coute et de soutien.","robots":{"index":"index","follow":"follow","max-snippet":"max-snippet:-1","max-image-preview":"max-image-preview:large","max-video-preview":"max-video-preview:-1"},"canonical":"https:\/\/aucoeurdenoe.fr\/?page_id=15","og_locale":"fr_FR","og_type":"article","og_title":"Ateliers - Au Coeur de No\u00e9","og_description":"Participez \u00e0 des ateliers collectifs bienveillants pour partager, grandir et retrouver confiance en vous. Un espace d'\u00e9coute et de soutien.","og_url":"https:\/\/aucoeurdenoe.fr\/?page_id=15","og_site_name":"Au Coeur de No\u00e9","article_modified_time":"2026-01-13T18:12:49+00:00","og_image":[{"url":"http:\/\/aucoeurdenoe.fr\/wp-content\/uploads\/2025\/05\/Noemie-portrait-pro-12-1-scaled.jpg","type":"","width":"","height":""}],"twitter_card":"summary_large_image","twitter_misc":{"Dur\u00e9e de lecture estim\u00e9e":"2 minutes"},"schema":{"@context":"https:\/\/schema.org","@graph":[{"@type":"WebPage","@id":"https:\/\/aucoeurdenoe.fr\/?page_id=15","url":"https:\/\/aucoeurdenoe.fr\/?page_id=15","name":"Ateliers - Au Coeur de No\u00e9","isPartOf":{"@id":"https:\/\/aucoeurdenoe.fr\/#website"},"primaryImageOfPage":{"@id":"https:\/\/aucoeurdenoe.fr\/?page_id=15#primaryimage"},"image":{"@id":"https:\/\/aucoeurdenoe.fr\/?page_id=15#primaryimage"},"thumbnailUrl":"http:\/\/aucoeurdenoe.fr\/wp-content\/uploads\/2025\/05\/Noemie-portrait-pro-12-1-scaled.jpg","datePublished":"2025-04-12T07:31:38+00:00","dateModified":"2026-01-13T18:12:49+00:00","description":"Participez \u00e0 des ateliers collectifs bienveillants pour partager, grandir et retrouver confiance en vous. Un espace d'\u00e9coute et de soutien.","breadcrumb":{"@id":"https:\/\/aucoeurdenoe.fr\/?page_id=15#breadcrumb"},"inLanguage":"fr-FR","potentialAction":[{"@type":"ReadAction","target":["https:\/\/aucoeurdenoe.fr\/?page_id=15"]}]},{"@type":"ImageObject","inLanguage":"fr-FR","@id":"https:\/\/aucoeurdenoe.fr\/?page_id=15#primaryimage","url":"https:\/\/aucoeurdenoe.fr\/wp-content\/uploads\/2025\/05\/Noemie-portrait-pro-12-1-scaled.jpg","contentUrl":"https:\/\/aucoeurdenoe.fr\/wp-content\/uploads\/2025\/05\/Noemie-portrait-pro-12-1-scaled.jpg","width":2560,"height":1709,"caption":"ateliers collectifs cr\u00e9atifs"},{"@type":"BreadcrumbList","@id":"https:\/\/aucoeurdenoe.fr\/?page_id=15#breadcrumb","itemListElement":[{"@type":"ListItem","position":1,"name":"Accueil","item":"https:\/\/aucoeurdenoe.fr\/"},{"@type":"ListItem","position":2,"name":"Ateliers"}]},{"@type":"WebSite","@id":"https:\/\/aucoeurdenoe.fr\/#website","url":"https:\/\/aucoeurdenoe.fr\/","name":"Au Coeur de No\u00e9","description":"Venez vous ressourcer","publisher":{"@id":"https:\/\/aucoeurdenoe.fr\/#organization"},"potentialAction":[{"@type":"SearchAction","target":{"@type":"EntryPoint","urlTemplate":"https:\/\/aucoeurdenoe.fr\/?s={search_term_string}"},"query-input":{"@type":"PropertyValueSpecification","valueRequired":true,"valueName":"search_term_string"}}],"inLanguage":"fr-FR"},{"@type":"Organization","@id":"https:\/\/aucoeurdenoe.fr\/#organization","name":"Au Coeur de No\u00e9","url":"https:\/\/aucoeurdenoe.fr\/","logo":{"@type":"ImageObject","inLanguage":"fr-FR","@id":"https:\/\/aucoeurdenoe.fr\/#\/schema\/logo\/image\/","url":"https:\/\/aucoeurdenoe.fr\/wp-content\/uploads\/2025\/07\/cropped-LOGO-TYPO-WEB.png","contentUrl":"https:\/\/aucoeurdenoe.fr\/wp-content\/uploads\/2025\/07\/cropped-LOGO-TYPO-WEB.png","width":350,"height":100,"caption":"Au Coeur de No\u00e9"},"image":{"@id":"https:\/\/aucoeurdenoe.fr\/#\/schema\/logo\/image\/"}}]}},"_links":{"self":[{"href":"https:\/\/aucoeurdenoe.fr\/index.php?rest_route=\/wp\/v2\/pages\/15","targetHints":{"allow":["GET"]}}],"collection":[{"href":"https:\/\/aucoeurdenoe.fr\/index.php?rest_route=\/wp\/v2\/pages"}],"about":[{"href":"https:\/\/aucoeurdenoe.fr\/index.php?rest_route=\/wp\/v2\/types\/page"}],"author":[{"embeddable":true,"href":"https:\/\/aucoeurdenoe.fr\/index.php?rest_route=\/wp\/v2\/users\/1"}],"replies":[{"embeddable":true,"href":"https:\/\/aucoeurdenoe.fr\/index.php?rest_route=%2Fwp%2Fv2%2Fcomments&post=15"}],"version-history":[{"count":105,"href":"https:\/\/aucoeurdenoe.fr\/index.php?rest_route=\/wp\/v2\/pages\/15\/revisions"}],"predecessor-version":[{"id":1097,"href":"https:\/\/aucoeurdenoe.fr\/index.php?rest_route=\/wp\/v2\/pages\/15\/revisions\/1097"}],"wp:attachment":[{"href":"https:\/\/aucoeurdenoe.fr\/index.php?rest_route=%2Fwp%2Fv2%2Fmedia&parent=15"}],"curies":[{"name":"wp","href":"https:\/\/api.w.org\/{rel}","templated":true}]}}